{"id":110,"date":"2023-03-02T14:16:09","date_gmt":"2023-03-02T13:16:09","guid":{"rendered":"https:\/\/cyberclubevreux.wordpress.com\/?page_id=110"},"modified":"2023-03-22T17:17:17","modified_gmt":"2023-03-22T16:17:17","slug":"a-propos","status":"publish","type":"page","link":"https:\/\/cyberclub-evreux.com\/wordpress\/?page_id=110","title":{"rendered":"A propos de nous"},"content":{"rendered":"\n<p class=\"has-text-align-center has-xl-font-size\"><strong>Information nous concernant.<\/strong><\/p>\n\n\n\n<p class=\"has-text-align-center has-xl-font-size\"><strong>Association loi 1901 fond\u00e9e le 25 mars 2009.<\/strong><\/p>\n\n\n\n<p class=\"has-text-align-center has-xl-font-size\"><strong>La pr\u00e9sente association, centre de ressources multim\u00e9dia de proximit\u00e9, a pour objet de sensibiliser un large public adulte \u00e0 l\u2019utilisation de l\u2019informatique en proposant une initiation ou une formation adapt\u00e9e.&nbsp;<\/strong><\/p>\n\n\n\n<p class=\"has-text-align-center has-xl-font-size\"><strong>Le si\u00e8ge de l\u2019association est fix\u00e9 \u00e0 La Maison de Quartier de N\u00e9treville, 12 rue Duguay Trouin 27000 \u00c9vreux.<\/strong><\/p>\n\n\n\n<p class=\"has-text-align-center has-xl-font-size\"><strong>L\u2019association est dirig\u00e9e par un conseil d\u2019administration compos\u00e9 de 9 \u00e0 13 membres, \u00e9lus par l\u2019assembl\u00e9e g\u00e9n\u00e9rale.<\/strong><\/p>\n\n\n\n<p class=\"has-text-align-center has-xl-font-size\"><strong>Le conseil d\u2019administration est renouvel\u00e9 par tiers tous les ans par l\u2019assembl\u00e9e g\u00e9n\u00e9rale des membres de l\u2019association.<\/strong><\/p>\n\n\n\n<p class=\"is-style-small-text has-dark-color has-text-color\"><\/p>\n\n\n\n<div class=\"wp-block-columns is-layout-flex wp-container-core-columns-is-layout-9d6595d7 wp-block-columns-is-layout-flex\">\n<div class=\"wp-block-column is-layout-flow wp-block-column-is-layout-flow\" style=\"flex-basis:25%\"><\/div>\n\n\n\n<div class=\"wp-block-column is-layout-flow wp-block-column-is-layout-flow\" style=\"flex-basis:50%\"><\/div>\n\n\n\n<div class=\"wp-block-column is-layout-flow wp-block-column-is-layout-flow\" style=\"flex-basis:25%\">\n<figure class=\"wp-block-image aligncenter size-full is-resized has-custom-border is-style-default\"><img loading=\"lazy\" decoding=\"async\" src=\"https:\/\/cyberclub-evreux.com\/wordpress\/wp-content\/uploads\/2023\/03\/logo-evreux.png\" alt=\"\" class=\"wp-image-663\" style=\"border-width:2px\" width=\"104\" height=\"130\" title=\"Partenaire\"\/><figcaption class=\"wp-element-caption\"><strong>PARTENAIRE: Ville d&rsquo;EVREUX<\/strong><\/figcaption><\/figure>\n<\/div>\n<\/div>\n","protected":false},"excerpt":{"rendered":"<p>Information nous concernant. Association loi 1901 fond\u00e9e le 25 mars 2009. La pr\u00e9sente association, centre de ressources multim\u00e9dia de proximit\u00e9,<span class=\"more-dots\">&#8230;<\/span><\/p>\n","protected":false},"author":1,"featured_media":0,"parent":0,"menu_order":0,"comment_status":"closed","ping_status":"closed","template":"","meta":{"footnotes":""},"class_list":["post-110","page","type-page","status-publish","hentry","no-post-thumbnail"],"_links":{"self":[{"href":"https:\/\/cyberclub-evreux.com\/wordpress\/index.php?rest_route=\/wp\/v2\/pages\/110","targetHints":{"allow":["GET"]}}],"collection":[{"href":"https:\/\/cyberclub-evreux.com\/wordpress\/index.php?rest_route=\/wp\/v2\/pages"}],"about":[{"href":"https:\/\/cyberclub-evreux.com\/wordpress\/index.php?rest_route=\/wp\/v2\/types\/page"}],"author":[{"embeddable":true,"href":"https:\/\/cyberclub-evreux.com\/wordpress\/index.php?rest_route=\/wp\/v2\/users\/1"}],"replies":[{"embeddable":true,"href":"https:\/\/cyberclub-evreux.com\/wordpress\/index.php?rest_route=%2Fwp%2Fv2%2Fcomments&post=110"}],"version-history":[{"count":4,"href":"https:\/\/cyberclub-evreux.com\/wordpress\/index.php?rest_route=\/wp\/v2\/pages\/110\/revisions"}],"predecessor-version":[{"id":690,"href":"https:\/\/cyberclub-evreux.com\/wordpress\/index.php?rest_route=\/wp\/v2\/pages\/110\/revisions\/690"}],"wp:attachment":[{"href":"https:\/\/cyberclub-evreux.com\/wordpress\/index.php?rest_route=%2Fwp%2Fv2%2Fmedia&parent=110"}],"curies":[{"name":"wp","href":"https:\/\/api.w.org\/{rel}","templated":true}]}}