{"id":488,"date":"2023-03-17T20:29:52","date_gmt":"2023-03-17T19:29:52","guid":{"rendered":"https:\/\/cyberclub-evreux.com\/wordpress\/?page_id=488"},"modified":"2023-03-22T17:21:58","modified_gmt":"2023-03-22T16:21:58","slug":"pour-nous-contacter","status":"publish","type":"page","link":"https:\/\/cyberclub-evreux.com\/wordpress\/?page_id=488","title":{"rendered":"Contact"},"content":{"rendered":"\n<p class=\"has-text-align-center has-xl-font-size\"><strong>Cyberclub Evreux N\u00e9treville <\/strong><br><strong>12, rue Duguay Trouin<\/strong><br><strong>27000 Evreux<\/strong><\/p>\n\n\n\n<p class=\"has-text-align-center has-xl-font-size\"><strong>T\u00e9l\u00e9phone&nbsp;: 02 32 39 50 79 <\/strong><br><strong>ou 06 07 68 17 79 <\/strong><br><strong>ou 02 32 39 28 25<\/strong><\/p>\n\n\n\n<p class=\"has-text-align-center has-xl-font-size\"><strong>Messagerie&nbsp;:<\/strong><br>&nbsp;<a href=\"mailto:contact@cyberclub-evreux.com\">contact@cyberclub-evreux.com<\/a><\/p>\n\n\n\n<p class=\"has-xl-font-size\"><\/p>\n\n\n\n<figure class=\"wp-block-image aligncenter size-large is-resized has-custom-border\"><img loading=\"lazy\" decoding=\"async\" src=\"http:\/\/cyberclub-evreux.com\/wordpress\/wp-content\/uploads\/2023\/03\/la-maison-1024x599.png\" alt=\"\" class=\"wp-image-491\" style=\"border-width:6px\" width=\"1069\" height=\"625\" srcset=\"https:\/\/cyberclub-evreux.com\/wordpress\/wp-content\/uploads\/2023\/03\/la-maison-1024x599.png 1024w, https:\/\/cyberclub-evreux.com\/wordpress\/wp-content\/uploads\/2023\/03\/la-maison-300x175.png 300w, https:\/\/cyberclub-evreux.com\/wordpress\/wp-content\/uploads\/2023\/03\/la-maison-768x449.png 768w, https:\/\/cyberclub-evreux.com\/wordpress\/wp-content\/uploads\/2023\/03\/la-maison-1140x667.png 1140w, https:\/\/cyberclub-evreux.com\/wordpress\/wp-content\/uploads\/2023\/03\/la-maison.png 1423w\" sizes=\"auto, (max-width: 1069px) 100vw, 1069px\" \/><\/figure>\n\n\n\n<p><\/p>\n\n\n\n<figure class=\"wp-block-image aligncenter size-full is-resized has-custom-border is-style-shadow\"><img loading=\"lazy\" decoding=\"async\" src=\"https:\/\/cyberclub-evreux.com\/wordpress\/wp-content\/uploads\/2023\/03\/Carte-3.png\" alt=\"\" class=\"wp-image-570\" style=\"border-width:6px\" width=\"1061\" height=\"583\" srcset=\"https:\/\/cyberclub-evreux.com\/wordpress\/wp-content\/uploads\/2023\/03\/Carte-3-300x164.png 300w, https:\/\/cyberclub-evreux.com\/wordpress\/wp-content\/uploads\/2023\/03\/Carte-3-768x421.png 768w\" sizes=\"auto, (max-width: 1061px) 100vw, 1061px\" \/><\/figure>\n\n\n\n<p><\/p>\n\n\n\n<figure class=\"wp-block-image aligncenter size-full is-resized has-custom-border is-style-shadow\"><img loading=\"lazy\" decoding=\"async\" src=\"https:\/\/cyberclub-evreux.com\/wordpress\/wp-content\/uploads\/2023\/03\/carte-2.png\" alt=\"\" class=\"wp-image-572\" style=\"border-width:6px\" width=\"1044\" height=\"612\" srcset=\"https:\/\/cyberclub-evreux.com\/wordpress\/wp-content\/uploads\/2023\/03\/carte-2.png 850w, https:\/\/cyberclub-evreux.com\/wordpress\/wp-content\/uploads\/2023\/03\/carte-2-300x175.png 300w, https:\/\/cyberclub-evreux.com\/wordpress\/wp-content\/uploads\/2023\/03\/carte-2-768x449.png 768w\" sizes=\"auto, (max-width: 1044px) 100vw, 1044px\" \/><\/figure>\n\n\n\n<p><\/p>\n\n\n\n<figure class=\"wp-block-image aligncenter size-full is-resized has-custom-border\"><img loading=\"lazy\" decoding=\"async\" src=\"https:\/\/cyberclub-evreux.com\/wordpress\/wp-content\/uploads\/2023\/03\/carte-1.png\" alt=\"\" class=\"wp-image-573\" style=\"border-width:6px\" width=\"1036\" height=\"544\" srcset=\"https:\/\/cyberclub-evreux.com\/wordpress\/wp-content\/uploads\/2023\/03\/carte-1.png 904w, https:\/\/cyberclub-evreux.com\/wordpress\/wp-content\/uploads\/2023\/03\/carte-1-300x157.png 300w, https:\/\/cyberclub-evreux.com\/wordpress\/wp-content\/uploads\/2023\/03\/carte-1-768x403.png 768w\" sizes=\"auto, (max-width: 1036px) 100vw, 1036px\" \/><\/figure>\n\n\n\n<p><\/p>\n\n\n\n<p><\/p>\n\n\n\n<div class=\"wp-block-columns is-layout-flex wp-container-core-columns-is-layout-9d6595d7 wp-block-columns-is-layout-flex\">\n<div class=\"wp-block-column is-layout-flow wp-block-column-is-layout-flow\" style=\"flex-basis:25%\"><\/div>\n\n\n\n<div class=\"wp-block-column is-layout-flow wp-block-column-is-layout-flow\" style=\"flex-basis:50%\"><\/div>\n\n\n\n<div class=\"wp-block-column is-layout-flow wp-block-column-is-layout-flow\" style=\"flex-basis:25%\">\n<figure class=\"wp-block-image aligncenter size-full is-resized has-custom-border is-style-default\"><img loading=\"lazy\" decoding=\"async\" src=\"https:\/\/cyberclub-evreux.com\/wordpress\/wp-content\/uploads\/2023\/03\/logo-evreux.png\" alt=\"\" class=\"wp-image-663\" style=\"border-width:2px\" width=\"104\" height=\"130\" title=\"Partenaire\"\/><figcaption class=\"wp-element-caption\"><strong>PARTENAIRE: Ville d&rsquo;EVREUX<\/strong><\/figcaption><\/figure>\n<\/div>\n<\/div>\n","protected":false},"excerpt":{"rendered":"<p>Cyberclub Evreux N\u00e9treville 12, rue Duguay Trouin27000 Evreux T\u00e9l\u00e9phone&nbsp;: 02 32 39 50 79 ou 06 07 68 17 79<span class=\"more-dots\">&#8230;<\/span><\/p>\n","protected":false},"author":1,"featured_media":0,"parent":0,"menu_order":0,"comment_status":"closed","ping_status":"closed","template":"","meta":{"footnotes":""},"class_list":["post-488","page","type-page","status-publish","hentry","no-post-thumbnail"],"_links":{"self":[{"href":"https:\/\/cyberclub-evreux.com\/wordpress\/index.php?rest_route=\/wp\/v2\/pages\/488","targetHints":{"allow":["GET"]}}],"collection":[{"href":"https:\/\/cyberclub-evreux.com\/wordpress\/index.php?rest_route=\/wp\/v2\/pages"}],"about":[{"href":"https:\/\/cyberclub-evreux.com\/wordpress\/index.php?rest_route=\/wp\/v2\/types\/page"}],"author":[{"embeddable":true,"href":"https:\/\/cyberclub-evreux.com\/wordpress\/index.php?rest_route=\/wp\/v2\/users\/1"}],"replies":[{"embeddable":true,"href":"https:\/\/cyberclub-evreux.com\/wordpress\/index.php?rest_route=%2Fwp%2Fv2%2Fcomments&post=488"}],"version-history":[{"count":17,"href":"https:\/\/cyberclub-evreux.com\/wordpress\/index.php?rest_route=\/wp\/v2\/pages\/488\/revisions"}],"predecessor-version":[{"id":694,"href":"https:\/\/cyberclub-evreux.com\/wordpress\/index.php?rest_route=\/wp\/v2\/pages\/488\/revisions\/694"}],"wp:attachment":[{"href":"https:\/\/cyberclub-evreux.com\/wordpress\/index.php?rest_route=%2Fwp%2Fv2%2Fmedia&parent=488"}],"curies":[{"name":"wp","href":"https:\/\/api.w.org\/{rel}","templated":true}]}}