{"id":506,"date":"2023-03-18T13:50:35","date_gmt":"2023-03-18T12:50:35","guid":{"rendered":"https:\/\/cyberclub-evreux.com\/wordpress\/?page_id=506"},"modified":"2025-09-17T19:18:10","modified_gmt":"2025-09-17T17:18:10","slug":"didacticiels-bureautiques","status":"publish","type":"page","link":"https:\/\/cyberclub-evreux.com\/wordpress\/?page_id=506","title":{"rendered":"Didacticiels Bureautiques"},"content":{"rendered":"\n<p class=\"has-text-align-center has-xl-font-size\"><strong>Cyberclub Evreux N\u00e9treville<\/strong><br><strong>Tutoriel, didacticiel, aide \u00e0 la Formation&nbsp; bureautique<\/strong><br><\/p>\n\n\n\n<p><\/p>\n\n\n\n<p><\/p>\n\n\n\n<p class=\"has-text-align-left has-border-background-color has-background has-xl-font-size\"><strong>Pour les d\u00e9butants<\/strong><br><br><strong><a href=\"https:\/\/cyberclub-evreux.com\/wordpress\/?page_id=727\">Pr\u00e9sentation de l\u2019environnement informatique<\/a><\/strong><\/p>\n\n\n\n<p class=\"is-style-default has-border-background-color has-background has-xl-font-size\"><strong>L&rsquo;Intelligence Artificielle<\/strong><br><br><a href=\"https:\/\/cyberclub-evreux.com\/wordpress\/?page_id=1120\" data-type=\"page\" data-id=\"1120\">Mistral  AI<\/a> <br>Intelligence artificielle d\u00e9velopp\u00e9e en France.<br><br><strong><a href=\"https:\/\/www.perplexity.ai\/\">Perplexity<\/a><\/strong> <br>Sp\u00e9cialis\u00e9 dans la recherche d&rsquo;informations pr\u00e9cises et actualis\u00e9es bas\u00e9es sur le web en temps r\u00e9el. Sa force est de fournir des r\u00e9ponses pr\u00e9cises, v\u00e9rifiables avec citations syst\u00e9matiques des sources.<br> <br><br><strong><a href=\"https:\/\/chatgpt.com\/?utm_source=google&amp;utm_medium=paidsearch_brand&amp;utm_campaign=GOOG_C_SEM_GBR_Core_CHT_BAU_ACQ_PER_MIX_ALL_EMEA_FR_FR_060225&amp;utm_term=chatgpt&amp;utm_content=183118848671&amp;utm_ad=755181923182&amp;utm_match=e&amp;gad_source=1&amp;gad_campaignid=22620692788&amp;gbraid=0AAAAA-IW-UWzmWskPgByGvphijH9Uick9&amp;gclid=Cj0KCQjwuKnGBhD5ARIsAD19RsY2jKEFF6pa1rmWyDgo4uAE8nuw8zPiwU2w1TMhs4P3kFH5GcxW-P4aApFkEALw_wcB\">Chat GPT<\/a><\/strong><br>Assistant IA polyvalent \u00e0 usage g\u00e9n\u00e9ral.<\/p>\n\n\n\n<p class=\"has-text-align-left has-border-background-color has-background has-xl-font-size\"><strong>Bureautique<\/strong><br><strong><br><a href=\"https:\/\/cyberclub-evreux.com\/didacticiels\/tdtooo\/info.sio2.be\/tdtooo\/index.html\">Le traitement de texte<\/a><\/strong><br><br><strong><a href=\"http:\/\/cyberclub-evreux.com\/didacticiels\/calcooo\/info.sio2.be\/calcooo\/index.html\">Le <\/a><a href=\"https:\/\/cyberclub-evreux.com\/didacticiels\/calcooo\/info.sio2.be\/calcooo\/index.html\">tableur<\/a>&nbsp;<br><\/strong><\/p>\n\n\n\n<p><\/p>\n\n\n\n<p class=\"has-text-align-left has-border-background-color has-background has-xl-font-size\"><strong>Deux sites \u00e0 visiter<\/strong><br><strong><br><\/strong><a href=\"http:\/\/mesfichespratiques.free.fr\/\"><strong>Le club POM de Saint Quentin<\/strong><\/a><br><strong><br><\/strong><a href=\"http:\/\/www.cours-informatique-gratuit.fr\/\"><strong>Cours  gratuits en ligne<\/strong><\/a><\/p>\n\n\n\n<p><\/p>\n\n\n\n<p class=\"has-text-align-left has-border-background-color has-background has-xl-font-size\"><strong>Outils et astuces<\/strong><br><strong> <\/strong><br><a href=\"http:\/\/www.filepuma.com\/\"><strong>Filepuma.com<\/strong><\/a><strong>&nbsp;&nbsp;<\/strong><em>(site de t\u00e9l\u00e9chargement de logiciels)<\/em><br><strong><br><\/strong><a href=\"http:\/\/www.pcastuces.com\/pratique\/default.htm\"><strong>PC astuces<\/strong><\/a>&nbsp;<em>(astuces et t\u00e9l\u00e9chargement de logiciels)<\/em><br><br><strong><a href=\"http:\/\/www.pcastuces.com\/pratique\/securite\/programmes_barres_publicitaires\/page1.htm\">Supprimer la publicit\u00e9<\/a> <\/strong><em>(extrait du site PC astuce)<\/em><br><br><a href=\"http:\/\/www.commentcamarche.net\/faq\/12060-enregistrer-une-video-en-streaming\"><strong>Enregistrer une video<\/strong><\/a>&nbsp;<em>(extrait du site \u00ab\u00a0comment \u00e7a marche\u00a0\u00bb)<\/em><strong><br>&nbsp;&nbsp;&nbsp;&nbsp;&nbsp;<\/strong><\/p>\n\n\n\n<p><\/p>\n\n\n\n<p class=\"has-text-align-left has-border-background-color has-background has-xl-font-size\"><strong>Formation APPLE<\/strong><br><br><strong><a href=\"https:\/\/cyberclub-evreux.com\/wordpress\/?page_id=853\" data-type=\"link\" data-id=\"https:\/\/cyberclub-evreux.com\/wordpress\/?page_id=853\">D\u00e9buter sur MAC, iPhone et Ipad<\/a><\/strong> <em>(extrait de l&rsquo;aide Apple)<\/em><\/p>\n\n\n\n<p><strong>&nbsp;&nbsp;&nbsp;&nbsp;&nbsp;&nbsp;&nbsp;&nbsp;&nbsp;&nbsp;&nbsp;&nbsp;&nbsp;<\/strong><\/p>\n\n\n\n<div class=\"wp-block-columns is-layout-flex wp-container-core-columns-is-layout-9d6595d7 wp-block-columns-is-layout-flex\">\n<div class=\"wp-block-column is-layout-flow wp-block-column-is-layout-flow\" style=\"flex-basis:25%\"><\/div>\n\n\n\n<div class=\"wp-block-column is-layout-flow wp-block-column-is-layout-flow\" style=\"flex-basis:50%\"><\/div>\n\n\n\n<div class=\"wp-block-column is-layout-flow wp-block-column-is-layout-flow\" style=\"flex-basis:25%\">\n<figure class=\"wp-block-image aligncenter size-full is-resized has-custom-border is-style-default\"><img loading=\"lazy\" decoding=\"async\" width=\"137\" height=\"171\" src=\"https:\/\/cyberclub-evreux.com\/wordpress\/wp-content\/uploads\/2023\/03\/logo-evreux.png\" alt=\"\" class=\"wp-image-663\" style=\"border-width:2px;width:104px;height:130px\" title=\"Partenaire\"\/><figcaption class=\"wp-element-caption\"><strong>PARTENAIRE: Ville d&rsquo;EVREUX<\/strong><\/figcaption><\/figure>\n<\/div>\n<\/div>\n","protected":false},"excerpt":{"rendered":"<p>Cyberclub Evreux N\u00e9trevilleTutoriel, didacticiel, aide \u00e0 la Formation&nbsp; bureautique Pour les d\u00e9butants Pr\u00e9sentation de l\u2019environnement informatique L&rsquo;Intelligence Artificielle Mistral AI<span class=\"more-dots\">&#8230;<\/span><\/p>\n","protected":false},"author":1,"featured_media":0,"parent":0,"menu_order":0,"comment_status":"closed","ping_status":"closed","template":"","meta":{"footnotes":""},"class_list":["post-506","page","type-page","status-publish","hentry","no-post-thumbnail"],"_links":{"self":[{"href":"https:\/\/cyberclub-evreux.com\/wordpress\/index.php?rest_route=\/wp\/v2\/pages\/506","targetHints":{"allow":["GET"]}}],"collection":[{"href":"https:\/\/cyberclub-evreux.com\/wordpress\/index.php?rest_route=\/wp\/v2\/pages"}],"about":[{"href":"https:\/\/cyberclub-evreux.com\/wordpress\/index.php?rest_route=\/wp\/v2\/types\/page"}],"author":[{"embeddable":true,"href":"https:\/\/cyberclub-evreux.com\/wordpress\/index.php?rest_route=\/wp\/v2\/users\/1"}],"replies":[{"embeddable":true,"href":"https:\/\/cyberclub-evreux.com\/wordpress\/index.php?rest_route=%2Fwp%2Fv2%2Fcomments&post=506"}],"version-history":[{"count":51,"href":"https:\/\/cyberclub-evreux.com\/wordpress\/index.php?rest_route=\/wp\/v2\/pages\/506\/revisions"}],"predecessor-version":[{"id":1151,"href":"https:\/\/cyberclub-evreux.com\/wordpress\/index.php?rest_route=\/wp\/v2\/pages\/506\/revisions\/1151"}],"wp:attachment":[{"href":"https:\/\/cyberclub-evreux.com\/wordpress\/index.php?rest_route=%2Fwp%2Fv2%2Fmedia&parent=506"}],"curies":[{"name":"wp","href":"https:\/\/api.w.org\/{rel}","templated":true}]}}