{"id":587,"date":"2023-03-21T18:15:35","date_gmt":"2023-03-21T17:15:35","guid":{"rendered":"https:\/\/cyberclub-evreux.com\/wordpress\/?page_id=587"},"modified":"2023-03-22T17:19:23","modified_gmt":"2023-03-22T16:19:23","slug":"bureau-contact","status":"publish","type":"page","link":"https:\/\/cyberclub-evreux.com\/wordpress\/?page_id=587","title":{"rendered":"Bureau Contact"},"content":{"rendered":"\n<p>\/<\/p>\n\n\n\n<div class=\"wp-block-columns is-layout-flex wp-container-core-columns-is-layout-9d6595d7 wp-block-columns-is-layout-flex\">\n<div class=\"wp-block-column is-vertically-aligned-top is-layout-flow wp-block-column-is-layout-flow\">\n<figure class=\"wp-block-image aligncenter size-full is-resized\"><img loading=\"lazy\" decoding=\"async\" src=\"https:\/\/cyberclub-evreux.com\/wordpress\/wp-content\/uploads\/2023\/03\/Portrait-Serge.jpg\" alt=\"\" class=\"wp-image-588\" width=\"124\" height=\"156\"\/><\/figure>\n<\/div>\n\n\n\n<div class=\"wp-block-column is-layout-flow wp-block-column-is-layout-flow\">\n<p class=\"has-text-align-center has-xl-font-size\">Serge GOHIER<br>Pr\u00e9sident<br><\/p>\n\n\n\n<figure class=\"wp-block-image aligncenter size-full\"><a href=\"mailto:president@cyberclub-evreux.com\"><img loading=\"lazy\" decoding=\"async\" width=\"118\" height=\"50\" src=\"https:\/\/cyberclub-evreux.com\/wordpress\/wp-content\/uploads\/2023\/03\/image.png\" alt=\"\" class=\"wp-image-593\"\/><\/a><\/figure>\n\n\n\n<p class=\"has-text-align-center has-xl-font-size\"> <\/p>\n<\/div>\n\n\n\n<div class=\"wp-block-column is-layout-flow wp-block-column-is-layout-flow\">\n<p class=\"has-text-align-center has-xl-font-size\">.<\/p>\n<\/div>\n<\/div>\n\n\n\n<p><\/p>\n\n\n\n<p><\/p>\n\n\n\n<p><\/p>\n\n\n\n<div class=\"wp-block-columns is-layout-flex wp-container-core-columns-is-layout-9d6595d7 wp-block-columns-is-layout-flex\">\n<div class=\"wp-block-column is-vertically-aligned-top is-layout-constrained wp-block-column-is-layout-constrained\" style=\"border-style:none;border-width:0px\">\n<figure class=\"wp-block-image aligncenter size-full is-resized\"><img loading=\"lazy\" decoding=\"async\" src=\"https:\/\/cyberclub-evreux.com\/wordpress\/wp-content\/uploads\/2023\/03\/Portrait-Philippe-M.jpg\" alt=\"\" class=\"wp-image-601\" width=\"139\" height=\"181\"\/><\/figure>\n<\/div>\n\n\n\n<div class=\"wp-block-column is-layout-flow wp-block-column-is-layout-flow\">\n<p class=\"has-text-align-center has-xl-font-size\">Philippe MARTIN<br>Vice pr\u00e9sident<br><\/p>\n\n\n\n<figure class=\"wp-block-image aligncenter size-full\"><a href=\"mailto:president@cyberclub-evreux.com\"><img loading=\"lazy\" decoding=\"async\" width=\"118\" height=\"50\" src=\"https:\/\/cyberclub-evreux.com\/wordpress\/wp-content\/uploads\/2023\/03\/image.png\" alt=\"\" class=\"wp-image-593\"\/><\/a><\/figure>\n<\/div>\n\n\n\n<div class=\"wp-block-column has-large-font-size is-layout-flow wp-block-column-is-layout-flow\">\n<p>.<\/p>\n<\/div>\n<\/div>\n\n\n\n<p><\/p>\n\n\n\n<p><\/p>\n\n\n\n<p><\/p>\n\n\n\n<div class=\"wp-block-columns is-layout-flex wp-container-core-columns-is-layout-9d6595d7 wp-block-columns-is-layout-flex\">\n<div class=\"wp-block-column is-layout-flow wp-block-column-is-layout-flow\">\n<figure class=\"wp-block-image aligncenter size-full is-resized\"><img loading=\"lazy\" decoding=\"async\" src=\"https:\/\/cyberclub-evreux.com\/wordpress\/wp-content\/uploads\/2023\/03\/Portraits-Philippe-w.jpg\" alt=\"\" class=\"wp-image-613\" width=\"134\" height=\"182\" srcset=\"https:\/\/cyberclub-evreux.com\/wordpress\/wp-content\/uploads\/2023\/03\/Portraits-Philippe-w.jpg 236w, https:\/\/cyberclub-evreux.com\/wordpress\/wp-content\/uploads\/2023\/03\/Portraits-Philippe-w-221x300.jpg 221w\" sizes=\"auto, (max-width: 134px) 100vw, 134px\" \/><\/figure>\n<\/div>\n\n\n\n<div class=\"wp-block-column is-layout-flow wp-block-column-is-layout-flow\">\n<p class=\"has-text-align-center has-xl-font-size\">Philippe WIDMANN<br>Vice pr\u00e9sident<br><\/p>\n\n\n\n<figure class=\"wp-block-image aligncenter size-full\"><a href=\"mailto:president@cyberclub-evreux.com\"><img loading=\"lazy\" decoding=\"async\" width=\"118\" height=\"50\" src=\"https:\/\/cyberclub-evreux.com\/wordpress\/wp-content\/uploads\/2023\/03\/image.png\" alt=\"\" class=\"wp-image-593\"\/><\/a><\/figure>\n<\/div>\n\n\n\n<div class=\"wp-block-column is-layout-flow wp-block-column-is-layout-flow\">\n<p>.<\/p>\n<\/div>\n<\/div>\n\n\n\n<p><\/p>\n\n\n\n<p><\/p>\n\n\n\n<p><\/p>\n\n\n\n<p><\/p>\n\n\n\n<div class=\"wp-block-columns is-layout-flex wp-container-core-columns-is-layout-9d6595d7 wp-block-columns-is-layout-flex\">\n<div class=\"wp-block-column is-layout-flow wp-block-column-is-layout-flow\">\n<figure class=\"wp-block-image aligncenter size-full is-resized\"><img loading=\"lazy\" decoding=\"async\" src=\"https:\/\/cyberclub-evreux.com\/wordpress\/wp-content\/uploads\/2023\/03\/Portrait-Michel.jpg\" alt=\"\" class=\"wp-image-621\" width=\"138\" height=\"224\" srcset=\"https:\/\/cyberclub-evreux.com\/wordpress\/wp-content\/uploads\/2023\/03\/Portrait-Michel.jpg 198w, https:\/\/cyberclub-evreux.com\/wordpress\/wp-content\/uploads\/2023\/03\/Portrait-Michel-186x300.jpg 186w\" sizes=\"auto, (max-width: 138px) 100vw, 138px\" \/><\/figure>\n<\/div>\n\n\n\n<div class=\"wp-block-column is-layout-flow wp-block-column-is-layout-flow\">\n<p class=\"has-text-align-center has-xl-font-size\">Michel JUMAUX<br>Tr\u00e9sorier<br><\/p>\n\n\n\n<figure class=\"wp-block-image aligncenter size-full\"><a href=\"mailto:tresorier@cyberclub-evreux.com\"><img loading=\"lazy\" decoding=\"async\" width=\"118\" height=\"50\" src=\"https:\/\/cyberclub-evreux.com\/wordpress\/wp-content\/uploads\/2023\/03\/image.png\" alt=\"\" class=\"wp-image-593\"\/><\/a><\/figure>\n<\/div>\n\n\n\n<div class=\"wp-block-column is-layout-flow wp-block-column-is-layout-flow\">\n<p>.<\/p>\n<\/div>\n<\/div>\n\n\n\n<p><\/p>\n\n\n\n<p><\/p>\n\n\n\n<p><\/p>\n\n\n\n<div class=\"wp-block-columns is-layout-flex wp-container-core-columns-is-layout-9d6595d7 wp-block-columns-is-layout-flex\">\n<div class=\"wp-block-column is-layout-flow wp-block-column-is-layout-flow\">\n<figure class=\"wp-block-image aligncenter size-full is-resized\"><img loading=\"lazy\" decoding=\"async\" src=\"https:\/\/cyberclub-evreux.com\/wordpress\/wp-content\/uploads\/2023\/03\/j-louis.jpg\" alt=\"\" class=\"wp-image-625\" width=\"140\" height=\"224\" srcset=\"https:\/\/cyberclub-evreux.com\/wordpress\/wp-content\/uploads\/2023\/03\/j-louis.jpg 200w, https:\/\/cyberclub-evreux.com\/wordpress\/wp-content\/uploads\/2023\/03\/j-louis-188x300.jpg 188w\" sizes=\"auto, (max-width: 140px) 100vw, 140px\" \/><\/figure>\n<\/div>\n\n\n\n<div class=\"wp-block-column is-layout-flow wp-block-column-is-layout-flow\">\n<p class=\"has-text-align-center has-xl-font-size\">Jean-louis Pierre<br>Secr\u00e9taire<br><\/p>\n\n\n\n<figure class=\"wp-block-image aligncenter size-full\"><a href=\"mailto:secretaire@cyberclub-evreux.com\"><img loading=\"lazy\" decoding=\"async\" width=\"118\" height=\"50\" src=\"https:\/\/cyberclub-evreux.com\/wordpress\/wp-content\/uploads\/2023\/03\/image.png\" alt=\"\" class=\"wp-image-593\"\/><\/a><\/figure>\n<\/div>\n\n\n\n<div class=\"wp-block-column is-layout-flow wp-block-column-is-layout-flow\">\n<p>.<\/p>\n<\/div>\n<\/div>\n\n\n\n<div class=\"wp-block-columns is-layout-flex wp-container-core-columns-is-layout-9d6595d7 wp-block-columns-is-layout-flex\">\n<div class=\"wp-block-column is-layout-flow wp-block-column-is-layout-flow\" style=\"flex-basis:25%\"><\/div>\n\n\n\n<div class=\"wp-block-column is-layout-flow wp-block-column-is-layout-flow\" style=\"flex-basis:50%\"><\/div>\n\n\n\n<div class=\"wp-block-column is-layout-flow wp-block-column-is-layout-flow\" style=\"flex-basis:25%\">\n<figure class=\"wp-block-image aligncenter size-full is-resized has-custom-border is-style-default\"><img loading=\"lazy\" decoding=\"async\" src=\"https:\/\/cyberclub-evreux.com\/wordpress\/wp-content\/uploads\/2023\/03\/logo-evreux.png\" alt=\"\" class=\"wp-image-663\" style=\"border-width:2px\" width=\"104\" height=\"130\" title=\"Partenaire\"\/><figcaption class=\"wp-element-caption\"><strong>PARTENAIRE: Ville d&rsquo;EVREUX<\/strong><\/figcaption><\/figure>\n<\/div>\n<\/div>\n","protected":false},"excerpt":{"rendered":"<p>\/ Serge GOHIERPr\u00e9sident . Philippe MARTINVice pr\u00e9sident . Philippe WIDMANNVice pr\u00e9sident . Michel JUMAUXTr\u00e9sorier . Jean-louis PierreSecr\u00e9taire .<\/p>\n","protected":false},"author":1,"featured_media":0,"parent":0,"menu_order":0,"comment_status":"closed","ping_status":"closed","template":"","meta":{"footnotes":""},"class_list":["post-587","page","type-page","status-publish","hentry","no-post-thumbnail"],"_links":{"self":[{"href":"https:\/\/cyberclub-evreux.com\/wordpress\/index.php?rest_route=\/wp\/v2\/pages\/587","targetHints":{"allow":["GET"]}}],"collection":[{"href":"https:\/\/cyberclub-evreux.com\/wordpress\/index.php?rest_route=\/wp\/v2\/pages"}],"about":[{"href":"https:\/\/cyberclub-evreux.com\/wordpress\/index.php?rest_route=\/wp\/v2\/types\/page"}],"author":[{"embeddable":true,"href":"https:\/\/cyberclub-evreux.com\/wordpress\/index.php?rest_route=\/wp\/v2\/users\/1"}],"replies":[{"embeddable":true,"href":"https:\/\/cyberclub-evreux.com\/wordpress\/index.php?rest_route=%2Fwp%2Fv2%2Fcomments&post=587"}],"version-history":[{"count":28,"href":"https:\/\/cyberclub-evreux.com\/wordpress\/index.php?rest_route=\/wp\/v2\/pages\/587\/revisions"}],"predecessor-version":[{"id":691,"href":"https:\/\/cyberclub-evreux.com\/wordpress\/index.php?rest_route=\/wp\/v2\/pages\/587\/revisions\/691"}],"wp:attachment":[{"href":"https:\/\/cyberclub-evreux.com\/wordpress\/index.php?rest_route=%2Fwp%2Fv2%2Fmedia&parent=587"}],"curies":[{"name":"wp","href":"https:\/\/api.w.org\/{rel}","templated":true}]}}