{"id":87,"date":"2023-03-02T10:17:17","date_gmt":"2023-03-02T09:17:17","guid":{"rendered":"https:\/\/cyberclubevreux.wordpress.com\/?page_id=87"},"modified":"2023-12-15T09:20:18","modified_gmt":"2023-12-15T08:20:18","slug":"accueil","status":"publish","type":"page","link":"https:\/\/cyberclub-evreux.com\/wordpress\/","title":{"rendered":"Accueil"},"content":{"rendered":"\n<figure class=\"wp-block-image alignwide size-full has-custom-border is-style-shadow\"><img loading=\"lazy\" decoding=\"async\" width=\"612\" height=\"1008\" src=\"https:\/\/cyberclub-evreux.com\/wordpress\/wp-content\/uploads\/2023\/03\/Accueil-cyberclub.png\" alt=\"\" class=\"wp-image-704\" style=\"border-width:6px\" srcset=\"https:\/\/cyberclub-evreux.com\/wordpress\/wp-content\/uploads\/2023\/03\/Accueil-cyberclub.png 612w, https:\/\/cyberclub-evreux.com\/wordpress\/wp-content\/uploads\/2023\/03\/Accueil-cyberclub-182x300.png 182w, https:\/\/cyberclub-evreux.com\/wordpress\/wp-content\/uploads\/2023\/03\/Accueil-cyberclub-519x855.png 519w\" sizes=\"auto, (max-width: 612px) 100vw, 612px\" \/><\/figure>\n\n\n\n<p><\/p>\n\n\n\n<p><\/p>\n\n\n\n<p class=\"has-text-align-center is-style-default has-xxl-font-size\"><strong>Bienvenue sur le site du Cyberclub<\/strong><br><strong>Evreux N\u00e9treville<\/strong><\/p>\n\n\n\n<p><\/p>\n\n\n\n<p class=\"has-text-align-center has-xl-font-size\"><strong>Ce centre de ressources multim\u00e9dia de proximit\u00e9 s\u2019adresse aux adultes int\u00e9ress\u00e9s par le monde de l\u2019informatique.<\/strong><\/p>\n\n\n\n<p class=\"has-text-align-center has-xl-font-size\"><strong>Il s\u2019agit d\u2019un lieu ouvert au public, \u00e0 vocation non lucrative, proposant un programme public d\u2019acc\u00e8s, d\u2019initiation et d\u2019accompagnement aux Technologies&nbsp; de l\u2019information et de la communication: Informatique, Internet, Photo Num\u00e9rique, etc\u2026<\/strong><\/p>\n\n\n\n<p class=\"has-text-align-center has-xl-font-size\"><strong>Toute une s\u00e9rie d\u2019ateliers ou de cours visent pour certains \u00e0 les initier pas \u00e0 pas aux technologies de l\u2019informatique ou pour d\u2019autres, \u00e0 approfondir leurs connaissances dans un domaine particulier.<\/strong><\/p>\n\n\n\n<p class=\"has-text-align-center has-xl-font-size\"><strong>L\u2019environnement logiciel install\u00e9 repose sur l\u2019usage de Microsoft Windows, n\u00e9anmoins, plusieurs postes de travail&nbsp; sont aussi \u00e9quip\u00e9s de la plate forme Apple afin de rencontrer l\u2019ensemble des attentes des participants.<\/strong><\/p>\n\n\n\n<p>.<\/p>\n\n\n\n<p>.<\/p>\n\n\n\n<div class=\"wp-block-columns is-layout-flex wp-container-core-columns-is-layout-9d6595d7 wp-block-columns-is-layout-flex\">\n<div class=\"wp-block-column has-dark-color has-text-color is-layout-flow wp-block-column-is-layout-flow\" style=\"flex-basis:25%\">\n<p class=\"is-style-small-text\"> <\/p>\n<\/div>\n\n\n\n<div class=\"wp-block-column is-layout-flow wp-block-column-is-layout-flow\" style=\"flex-basis:50%\">\n<p class=\"is-style-small-text has-dark-color has-text-color\"><\/p>\n<\/div>\n\n\n\n<div class=\"wp-block-column is-layout-flow wp-block-column-is-layout-flow\" style=\"flex-basis:25%\">\n<figure class=\"wp-block-image aligncenter size-full is-resized has-custom-border is-style-default\"><img loading=\"lazy\" decoding=\"async\" width=\"137\" height=\"171\" src=\"https:\/\/cyberclub-evreux.com\/wordpress\/wp-content\/uploads\/2023\/03\/logo-evreux.png\" alt=\"\" class=\"wp-image-663\" style=\"border-width:2px;width:104px;height:130px\" title=\"Partenaire\"\/><figcaption class=\"wp-element-caption\"><strong>PARTENAIRE: Ville d&rsquo;EVREUX<\/strong><\/figcaption><\/figure>\n<\/div>\n<\/div>\n\n\n\n<p><a href=\"https:\/\/manucure91.fr\/index.html\" data-type=\"link\" data-id=\"https:\/\/manucure91.fr\/index.html\">&#8212;&#8211;<\/a><\/p>\n","protected":false},"excerpt":{"rendered":"<p>Bienvenue sur le site du CyberclubEvreux N\u00e9treville Ce centre de ressources multim\u00e9dia de proximit\u00e9 s\u2019adresse aux adultes int\u00e9ress\u00e9s par le<span class=\"more-dots\">&#8230;<\/span><\/p>\n","protected":false},"author":1,"featured_media":0,"parent":0,"menu_order":0,"comment_status":"closed","ping_status":"closed","template":"","meta":{"footnotes":""},"class_list":["post-87","page","type-page","status-publish","hentry","no-post-thumbnail"],"_links":{"self":[{"href":"https:\/\/cyberclub-evreux.com\/wordpress\/index.php?rest_route=\/wp\/v2\/pages\/87","targetHints":{"allow":["GET"]}}],"collection":[{"href":"https:\/\/cyberclub-evreux.com\/wordpress\/index.php?rest_route=\/wp\/v2\/pages"}],"about":[{"href":"https:\/\/cyberclub-evreux.com\/wordpress\/index.php?rest_route=\/wp\/v2\/types\/page"}],"author":[{"embeddable":true,"href":"https:\/\/cyberclub-evreux.com\/wordpress\/index.php?rest_route=\/wp\/v2\/users\/1"}],"replies":[{"embeddable":true,"href":"https:\/\/cyberclub-evreux.com\/wordpress\/index.php?rest_route=%2Fwp%2Fv2%2Fcomments&post=87"}],"version-history":[{"count":33,"href":"https:\/\/cyberclub-evreux.com\/wordpress\/index.php?rest_route=\/wp\/v2\/pages\/87\/revisions"}],"predecessor-version":[{"id":1074,"href":"https:\/\/cyberclub-evreux.com\/wordpress\/index.php?rest_route=\/wp\/v2\/pages\/87\/revisions\/1074"}],"wp:attachment":[{"href":"https:\/\/cyberclub-evreux.com\/wordpress\/index.php?rest_route=%2Fwp%2Fv2%2Fmedia&parent=87"}],"curies":[{"name":"wp","href":"https:\/\/api.w.org\/{rel}","templated":true}]}}